{"id":772,"date":"2014-04-09T22:54:59","date_gmt":"2014-04-09T22:54:59","guid":{"rendered":"http:\/\/www.slowlyplanet.org\/casa-noah\/?page_id=772"},"modified":"2023-06-11T11:16:58","modified_gmt":"2023-06-11T11:16:58","slug":"anfahrt-und-lagen","status":"publish","type":"page","link":"http:\/\/www.slowlyplanet.org\/casa-noah\/?page_id=772","title":{"rendered":"anfahrt &#038; lage"},"content":{"rendered":"<div><span style=\"font-size: 14px;\"><span style=\"color: #b22222;\"><span style=\"font-family: verdana,geneva,sans-serif;\">flug<\/span><\/span><\/span><\/div>\n<div><span style=\"font-size: 14px;\"><span style=\"font-family: verdana,geneva,sans-serif;\"><span style=\"color: #000000;\">Folgende Flugh\u00e4fen bieten sich an<\/span><\/span><\/span><\/div>\n<ul>\n<li>\n<div><span style=\"color: #ffffff;\"><span style=\"font-size: 14px;\"><span style=\"font-family: verdana,geneva,sans-serif;\">Sibiu\u00a0 [<a style=\"color: #ffffff;\" href=\"http:\/\/www.blueairweb.com\/\" target=\"_blank\" rel=\"noopener\">blueair<\/a><\/span><\/span>] <span style=\"font-size: 14px;\"><span style=\"font-family: verdana,geneva,sans-serif;\">[<a style=\"color: #ffffff;\" href=\"https:\/\/www.wizzair.com\/de-DE\/Search\" target=\"_blank\" rel=\"noopener\">wizzair<\/a>]<\/span><\/span><\/span><\/div>\n<\/li>\n<li>\n<div><span style=\"font-size: 14px; color: #ffffff;\"><span style=\"font-family: verdana,geneva,sans-serif;\">Cluj Napoca\u00a0 [<a style=\"color: #ffffff;\" href=\"https:\/\/www.wizzair.com\/de-DE\/Search\" target=\"_blank\" rel=\"noopener\">wizzair<\/a>]<\/span><\/span><\/div>\n<\/li>\n<li>\n<div><span style=\"color: #ffffff;\"><span style=\"font-size: 14px;\"><span style=\"font-family: verdana,geneva,sans-serif;\">Bukarest \u00a0[<a style=\"color: #ffffff;\" href=\"http:\/\/www.blueairweb.com\/\" target=\"_blank\" rel=\"noopener\">blueair<\/a><\/span><\/span>] <span style=\"font-size: 14px;\"><span style=\"font-family: verdana,geneva,sans-serif;\">[<a style=\"color: #ffffff;\" href=\"https:\/\/www.wizzair.com\/de-DE\/Search\" target=\"_blank\" rel=\"noopener\">wizzair<\/a>]<\/span><\/span><\/span><\/div>\n<\/li>\n<\/ul>\n<div style=\"margin-left: 36pt;\"><\/div>\n<div><span style=\"font-size: 14px; color: #ffffff;\"><span style=\"font-family: verdana,geneva,sans-serif;\">Vom Flughafen kommen Sie mit einem Mietauto nach Reichesdorf.<\/span><\/span><\/div>\n<div><span style=\"font-size: 14px; color: #ffffff;\"><span style=\"font-family: verdana,geneva,sans-serif;\">Gerne holen wir Sie am Flughafen ab (Preis bitte erfragen).<\/span><\/span><\/div>\n<div><\/div>\n<div><span style=\"color: #ffffff;\"><span style=\"font-size: 14px;\"><span style=\"font-family: verdana,geneva,sans-serif;\">zug<\/span><\/span><\/span><\/div>\n<div><span style=\"font-size: 14px; color: #ffffff;\"><span style=\"font-family: verdana,geneva,sans-serif;\">Von Deutschland oder Wien k\u00f6nnen Sie mit dem Nachtzug nach Medias fahren.<\/span><\/span><\/div>\n<div><span style=\"font-size: 14px; color: #ffffff;\"><span style=\"font-family: verdana,geneva,sans-serif;\">In Medias k\u00f6nnen Sie einen Pickup-Service in Anspruch nehmen.<\/span><\/span><\/div>\n<div><\/div>\n<div><span style=\"color: #ffffff;\"><span style=\"font-size: 14px;\"><span style=\"font-family: verdana,geneva,sans-serif;\">auto<\/span><\/span><\/span><\/div>\n<div><span style=\"font-size: 14px; color: #ffffff;\"><span style=\"font-family: verdana,geneva,sans-serif;\">Bei der Anreise mit dem eigenen Pkw k\u00f6nnen Sie folgende Routen w\u00e4hlen:<\/span><\/span><\/div>\n<div><\/div>\n<div><span style=\"color: #ffffff;\"><span style=\"font-size: 14px;\"><span style=\"font-family: verdana,geneva,sans-serif;\">Route 1: <\/span><\/span><\/span><\/div>\n<div><span style=\"font-size: 14px; color: #ffffff;\"><span style=\"font-family: verdana,geneva,sans-serif;\">Von Medias, Richtung Mosna, dann Richtung Pelisor fahren. Im Wald links auf eine unbefestigte Stra\u00dfe (3km) fahren. Im Dorf nach der ersten Br\u00fccke links, bergab fahren. Bei der zweiten Br\u00fccke wieder links, bergab fahren. 21 km.<\/span><\/span><\/div>\n<div><span style=\"font-size: 14px; color: #ffffff;\"><span style=\"font-family: verdana,geneva,sans-serif;\">Route 2:<br \/>\nVon Medias Richtung Saros, danach Richtung Biertan und Richis fahren. Im Ort vor der ersten Br\u00fccke rechts und danach immer geradeaus fahren. 35 km.<\/span><\/span><\/div>\n<div><\/div>\n<div><span style=\"font-size: 14px; color: #ffffff;\"><span style=\"font-family: verdana,geneva,sans-serif;\">Route 3:<br \/>\nVon Agnita kommend \u00fcber Barghis, Richtung Medias fahren. 4 km hinter Pelisor rechts nach Richis abbiegen (unbefestigte Stra\u00dfe 3km). Nach der ersten Br\u00fccke links fahren. Bei der zweiten Br\u00fccke wieder links fahren. 31 km<\/span><\/span><\/div>\n<div><\/div>\n<div><span style=\"color: #ffffff;\"><span style=\"font-size: 14px;\"><span style=\"font-family: verdana,geneva,sans-serif;\">gps koordinaten<\/span><\/span><\/span><\/div>\n<div><span style=\"color: #ffffff;\"><span style=\"font-size: 14px;\"><span style=\"font-family: verdana,geneva,sans-serif;\">46\u00b0 5&#8217;50.23&#8243;N, 24\u00b028&#8217;49.86&#8243;E<\/span><\/span><\/span><\/div>\n<div><\/div>\n<p><span style=\"color: #ffffff;\"><span style=\"font-size: 14px;\"><span style=\"font-family: verdana,geneva,sans-serif;\">adresse<\/span><\/span><\/span><\/p>\n<div><span style=\"font-size: 14px; color: #ffffff;\"><span style=\"font-family: verdana,geneva,sans-serif;\">CASA NOAH &#8211; das gr\u00fcne Haus<\/span><\/span><\/div>\n<div><span style=\"font-size: 14px; color: #ffffff;\"><span style=\"font-family: verdana,geneva,sans-serif;\">strada principala nr. 93<\/span><\/span><\/div>\n<div><span style=\"font-size: 14px; color: #ffffff;\"><span style=\"font-family: verdana,geneva,sans-serif;\">557047 RICHIS<\/span><\/span><\/div>\n<div><span style=\"font-size: 14px; color: #ffffff;\"><span style=\"font-family: verdana,geneva,sans-serif;\">ROMANIA<\/span><\/span><\/div>\n<div><\/div>\n<div><span style=\"font-size: 14px; color: #ffffff;\"><span style=\"font-family: verdana,geneva,sans-serif;\">Ansprechpartner: Catrinel<br \/>\n<\/span><\/span><\/div>\n<div><span style=\"font-size: 14px; color: #ffffff;\"><span style=\"font-family: verdana,geneva,sans-serif;\">Mobil Rum\u00e4nien: 0040.758 05 98 59<\/span><\/span><\/div>\n<div><span style=\"color: #ffffff;\">Mobil Rum\u00e4nien:\u00a0\u00a0\u00a0\u00a0 0040.770 735 165<\/span><\/div>\n<div><\/div>\n<div><span style=\"color: #ffffff;\">Ansprechpartner: Paul<\/span><\/div>\n<div><span style=\"font-size: 14px; color: #ffffff;\"><span style=\"font-family: verdana,geneva,sans-serif;\">Mobil Rum\u00e4nien: 0040.742 98 02 50<\/span><\/span><\/div>\n<div><span style=\"color: #ffffff;\">Mobil Rum\u00e4nien:\u00a0\u00a0\u00a0\u00a0 0040.770 735 394<\/span><\/div>\n<div><\/div>\n<div><span style=\"font-size: 14px; color: #ffffff;\"><span style=\"font-family: verdana,geneva,sans-serif;\">E-Mail: <a style=\"color: #ffffff;\" href=\"mailto:casa_noah@slowlyplanet.com\">casa_noah@slowlyplanet.com<\/a><\/span><\/span><\/div>\n<div><span style=\"font-size: 14px; color: #ffffff;\"><span style=\"font-family: verdana,geneva,sans-serif;\">Internet: <a style=\"color: #ffffff;\" href=\"http:\/\/www.slowlyplanet.org\/casa-noah\">www.slowlyplanet.org\/casa-noah<\/a><\/span><\/span><\/div>\n","protected":false},"excerpt":{"rendered":"<p>flug Folgende Flugh\u00e4fen bieten sich an Sibiu\u00a0 [blueair] [wizzair] Cluj Napoca\u00a0 [wizzair] Bukarest \u00a0[blueair] [wizzair] Vom Flughafen kommen Sie mit einem Mietauto nach Reichesdorf. Gerne holen wir Sie am Flughafen &hellip; <a class=\"readmore\" href=\"http:\/\/www.slowlyplanet.org\/casa-noah\/?page_id=772\">Continue Reading &rarr;<\/a><\/p>\n","protected":false},"author":1,"featured_media":0,"parent":754,"menu_order":3,"comment_status":"closed","ping_status":"closed","template":"","meta":{"footnotes":""},"class_list":["post-772","page","type-page","status-publish","hentry"],"_links":{"self":[{"href":"http:\/\/www.slowlyplanet.org\/casa-noah\/index.php?rest_route=\/wp\/v2\/pages\/772","targetHints":{"allow":["GET"]}}],"collection":[{"href":"http:\/\/www.slowlyplanet.org\/casa-noah\/index.php?rest_route=\/wp\/v2\/pages"}],"about":[{"href":"http:\/\/www.slowlyplanet.org\/casa-noah\/index.php?rest_route=\/wp\/v2\/types\/page"}],"author":[{"embeddable":true,"href":"http:\/\/www.slowlyplanet.org\/casa-noah\/index.php?rest_route=\/wp\/v2\/users\/1"}],"replies":[{"embeddable":true,"href":"http:\/\/www.slowlyplanet.org\/casa-noah\/index.php?rest_route=%2Fwp%2Fv2%2Fcomments&post=772"}],"version-history":[{"count":13,"href":"http:\/\/www.slowlyplanet.org\/casa-noah\/index.php?rest_route=\/wp\/v2\/pages\/772\/revisions"}],"predecessor-version":[{"id":2465,"href":"http:\/\/www.slowlyplanet.org\/casa-noah\/index.php?rest_route=\/wp\/v2\/pages\/772\/revisions\/2465"}],"up":[{"embeddable":true,"href":"http:\/\/www.slowlyplanet.org\/casa-noah\/index.php?rest_route=\/wp\/v2\/pages\/754"}],"wp:attachment":[{"href":"http:\/\/www.slowlyplanet.org\/casa-noah\/index.php?rest_route=%2Fwp%2Fv2%2Fmedia&parent=772"}],"curies":[{"name":"wp","href":"https:\/\/api.w.org\/{rel}","templated":true}]}}