{"id":474,"date":"2013-03-10T02:03:30","date_gmt":"2013-03-10T00:03:30","guid":{"rendered":"http:\/\/www.slowlyplanet.org\/casa-noah\/?page_id=474"},"modified":"2015-04-02T23:50:31","modified_gmt":"2015-04-02T23:50:31","slug":"ausfluge-mehr","status":"publish","type":"page","link":"http:\/\/www.slowlyplanet.org\/casa-noah\/?page_id=474","title":{"rendered":"ausfl\u00fcge &#038; mehr"},"content":{"rendered":"<p><span style=\"color: #b22222;\"><span style=\"font-size: 14px;\"><span style=\"font-family: verdana,geneva,sans-serif;\">aktiv<\/span><\/span><\/span><\/p>\n<ul>\n<li><span style=\"color: #000000;\"><span style=\"font-size: 14px;\"><span style=\"font-family: verdana,geneva,sans-serif;\">Ausfl\u00fcge mit der Pferdekutsche durch W\u00e4lder und Wiesen<\/span><\/span><\/span><\/li>\n<li><span style=\"color: #000000;\"><span style=\"font-size: 14px;\"><span style=\"font-family: verdana,geneva,sans-serif;\">Fahrradtouren durch <strong>Siebenb\u00fcrgens<\/strong> Toskana<\/span><\/span><\/span><\/li>\n<li><span style=\"color: #000000;\"><span style=\"font-size: 14px;\"><span style=\"font-family: verdana,geneva,sans-serif;\">Besuch des <strong>Bio-Bauernhofs<\/strong> von Willi und Lavigna Schuster<\/span><\/span><\/span><\/li>\n<li><span style=\"color: #000000;\"><span style=\"font-size: 14px;\"><span style=\"font-family: verdana,geneva,sans-serif;\">Reitkurse auf benachbarten H\u00f6fen<\/span><\/span><\/span><\/li>\n<li><span style=\"color: #000000;\"><span style=\"font-size: 14px;\"><span style=\"font-family: verdana,geneva,sans-serif;\">Sensen und Heu einfahren lernen<\/span><\/span><\/span><\/li>\n<li><span style=\"color: #000000;\"><span style=\"font-size: 14px;\"><span style=\"font-family: verdana,geneva,sans-serif;\">Hochgebirgstouren im Fogarascher Gebirge (Muntii Fagaras)<\/span><\/span><\/span><\/li>\n<\/ul>\n<p><span style=\"color: #b22222;\"><span style=\"font-size: 14px;\"><span style=\"font-family: verdana,geneva,sans-serif;\">naturnah<\/span><\/span><\/span><\/p>\n<ul>\n<li><span style=\"color: #000000;\"><span style=\"font-size: 14px;\"><span style=\"font-family: verdana,geneva,sans-serif;\">Heilpflanzentouren<\/span><\/span><\/span><\/li>\n<li><span style=\"color: #000000;\"><span style=\"font-size: 14px;\"><span style=\"font-family: verdana,geneva,sans-serif;\">herrliche Wanderungen in unber\u00fchrter Natur<\/span><\/span><\/span><\/li>\n<li><span style=\"color: #000000;\"><span style=\"font-size: 14px;\"><span style=\"font-family: verdana,geneva,sans-serif;\">Spazierg\u00e4nge durchs Dorf<\/span><\/span><\/span><\/li>\n<li><span style=\"color: #000000;\"><span style=\"font-size: 14px;\"><span style=\"font-family: verdana,geneva,sans-serif;\">Besuch eines K\u00f6hlers in der Umgebung<\/span><\/span><\/span><\/li>\n<li><span style=\"color: #000000;\"><span style=\"font-size: 14px;\"><span style=\"font-family: verdana,geneva,sans-serif;\">Spazierg\u00e4nge mit dem kinderlieben Hofhund &#8220;Lord&#8221;<\/span><\/span><\/span><\/li>\n<\/ul>\n<p><span style=\"color: #b22222;\"><span style=\"font-size: 14px;\"><span style=\"font-family: verdana,geneva,sans-serif;\">kulturell<\/span><\/span><\/span><\/p>\n<ul>\n<li><span style=\"color: #000000;\"><span style=\"font-size: 14px;\"><span style=\"font-family: verdana,geneva,sans-serif;\">St\u00e4dtetouren nach Sch\u00e4\u00dfburg (Sighisoara)<\/span><\/span><\/span><\/li>\n<li><span style=\"color: #000000;\"><span style=\"font-size: 14px;\"><span style=\"font-family: verdana,geneva,sans-serif;\">St\u00e4dtetouren nach Mediasch (Medias)<\/span><\/span><\/span><\/li>\n<li><span style=\"color: #000000;\"><span style=\"font-size: 14px;\"><span style=\"font-family: verdana,geneva,sans-serif;\">St\u00e4dtetouren nach Hermannstadt (Sibiu) \u2013 Europ\u00e4ische Kulturhauptstadt 2007<\/span><\/span><\/span><\/li>\n<li><span style=\"color: #000000;\"><span style=\"font-size: 14px;\"><span style=\"font-family: verdana,geneva,sans-serif;\">Kirchenf\u00fchrungen mit Kurator Hans Schaas<\/span><\/span><\/span><\/li>\n<li><span style=\"color: #000000;\"><span style=\"font-size: 14px;\"><span style=\"font-family: verdana,geneva,sans-serif;\">gem\u00fctlicher Plausch mit Kurator Hans Schaas bei einem Gl\u00e4schen Schnaps &#8220;tuica&#8221;<\/span><\/span><\/span><\/li>\n<li><span style=\"color: #000000;\"><span style=\"font-size: 14px;\"><span style=\"font-family: verdana,geneva,sans-serif;\">Besuch der &#8220;caldarari&#8221; (Kortoraren oder Roma) in Bratei: handwerkliche Zinnarbeiten<\/span><\/span><\/span><\/li>\n<li><span style=\"color: #000000;\"><span style=\"font-size: 14px;\"><span style=\"font-family: verdana,geneva,sans-serif;\"><strong>Top-Tour:<\/strong> Auf Draculas Spuren durch <strong>Transsilvanien<\/strong><\/span><\/span><\/span><\/li>\n<\/ul>\n<p><span style=\"color: #b22222;\"><span style=\"font-size: 14px;\"><span style=\"font-family: verdana,geneva,sans-serif;\">gen\u00fcsslich<\/span><\/span><\/span><\/p>\n<ul>\n<li><span style=\"color: #000000;\"><span style=\"font-size: 14px;\"><span style=\"font-family: verdana,geneva,sans-serif;\"><strong>die Seele baumeln lassen<\/strong> bei herrlichem Sonnenuntergang \u2013 oder auch nur so \u2026<\/span><\/span><\/span><\/li>\n<li><span style=\"color: #000000;\"><span style=\"font-size: 14px;\"><span style=\"font-family: verdana,geneva,sans-serif;\">saisonal: Volunteering bei einem siebenb\u00fcrgischen Bauern (z.B. bei der Hopfenernte oder beim Sensen)<\/span><\/span><\/span><\/li>\n<li><span style=\"color: #000000;\"><span style=\"font-size: 14px;\"><span style=\"font-family: verdana,geneva,sans-serif;\">Brotbacken im echten Lehmbackofen \u2013 nach einem alten siebenb\u00fcrgischen Rezept<\/span><\/span><\/span><\/li>\n<li><span style=\"color: #000000;\"><span style=\"font-size: 14px;\"><span style=\"font-family: verdana,geneva,sans-serif;\">traditionelles Essen bei <strong>einheimischen Bauernfamilien<\/strong><\/span><\/span><\/span><\/li>\n<li><span style=\"color: #000000;\"><span style=\"font-size: 14px;\"><span style=\"font-family: verdana,geneva,sans-serif;\">K\u00e4se-Degustation auf einer typischen Schafsalm &#8220;la stana&#8221;<\/span><\/span><\/span><\/li>\n<\/ul>\n<div><\/div>\n<div><span style=\"color: #b22222;\"><span style=\"font-size: 14px;\"><span style=\"font-family: verdana,geneva,sans-serif;\"><span style=\"font-size: 14px;\"><span style=\"font-family: verdana,geneva,sans-serif;\">TIPP: <\/span><\/span><\/span><\/span><\/span><span style=\"color: #000000;\"><span style=\"font-size: 14px;\"><span style=\"font-family: verdana,geneva,sans-serif;\"><span style=\"font-size: 14px;\"><span style=\"font-family: verdana,geneva,sans-serif;\">\u00a0 Alle Ausfl\u00fcge und Touren k\u00f6nnen Sie individuell oder mit Reiseleiter <\/span><\/span><\/span><\/span><\/span><strong><span style=\"font-size: 14px;\"><span style=\"font-family: verdana,geneva,sans-serif;\"><span style=\"font-size: 14px;\"><span style=\"font-family: verdana,geneva,sans-serif;\"><a href=\"mailto:casa_noah@slowlyplanet.com?subject=Anfrage%3A%20Ferienhaus%20Casa%20Noah\"><span style=\"color: #000000;\">buchen<\/span><\/a><\/span><\/span><\/span><\/span><\/strong><span style=\"color: #000000;\"><span style=\"font-size: 14px;\"><span style=\"font-family: verdana,geneva,sans-serif;\"><span style=\"font-size: 14px;\"><span style=\"font-family: verdana,geneva,sans-serif;\">. Die Preise richten sich nach Personenzahl und Dauer.<\/span><\/span><\/span><\/span><\/span><\/div>\n<div><\/div>\n<div><span style=\"color: #000000;\"><span style=\"font-size: 14px;\"><span style=\"font-family: verdana,geneva,sans-serif;\">\u00a0<\/span><\/span><\/span><\/div>\n<div><span style=\"color: #000000;\"><span style=\"font-size: 14px;\"><span style=\"font-family: verdana,geneva,sans-serif;\">Telefon: +40.758 05 98 59\u00a0 \/ Telefon: +40.742 98 02 50<br \/>\n<\/span><\/span><\/span><\/div>\n<div><span style=\"color: #000000;\"><span style=\"font-size: 14px;\"><span style=\"font-family: verdana,geneva,sans-serif;\">E-Mail: \u00a0 <\/span><\/span><\/span><span style=\"font-size: 14px;\"><span style=\"font-family: verdana,geneva,sans-serif;\"><strong><a href=\"mailto:casa_noah@slowlyplanet.com?subject=Anfrage%3A%20Ferienhaus%20Casa%20Noah\"><span style=\"color: #000000;\">casa_noah@slowlyplanet.com<\/span><\/a><\/strong><\/span><\/span><\/div>\n<div><\/div>\n<div><\/div>\n","protected":false},"excerpt":{"rendered":"<p>aktiv Ausfl\u00fcge mit der Pferdekutsche durch W\u00e4lder und Wiesen Fahrradtouren durch Siebenb\u00fcrgens Toskana Besuch des Bio-Bauernhofs von Willi und Lavigna Schuster Reitkurse auf benachbarten H\u00f6fen Sensen und Heu einfahren lernen &hellip; <a class=\"readmore\" href=\"http:\/\/www.slowlyplanet.org\/casa-noah\/?page_id=474\">Continue Reading &rarr;<\/a><\/p>\n","protected":false},"author":1,"featured_media":0,"parent":27,"menu_order":3,"comment_status":"closed","ping_status":"closed","template":"","meta":{"footnotes":""},"class_list":["post-474","page","type-page","status-publish","hentry"],"_links":{"self":[{"href":"http:\/\/www.slowlyplanet.org\/casa-noah\/index.php?rest_route=\/wp\/v2\/pages\/474","targetHints":{"allow":["GET"]}}],"collection":[{"href":"http:\/\/www.slowlyplanet.org\/casa-noah\/index.php?rest_route=\/wp\/v2\/pages"}],"about":[{"href":"http:\/\/www.slowlyplanet.org\/casa-noah\/index.php?rest_route=\/wp\/v2\/types\/page"}],"author":[{"embeddable":true,"href":"http:\/\/www.slowlyplanet.org\/casa-noah\/index.php?rest_route=\/wp\/v2\/users\/1"}],"replies":[{"embeddable":true,"href":"http:\/\/www.slowlyplanet.org\/casa-noah\/index.php?rest_route=%2Fwp%2Fv2%2Fcomments&post=474"}],"version-history":[{"count":15,"href":"http:\/\/www.slowlyplanet.org\/casa-noah\/index.php?rest_route=\/wp\/v2\/pages\/474\/revisions"}],"predecessor-version":[{"id":987,"href":"http:\/\/www.slowlyplanet.org\/casa-noah\/index.php?rest_route=\/wp\/v2\/pages\/474\/revisions\/987"}],"up":[{"embeddable":true,"href":"http:\/\/www.slowlyplanet.org\/casa-noah\/index.php?rest_route=\/wp\/v2\/pages\/27"}],"wp:attachment":[{"href":"http:\/\/www.slowlyplanet.org\/casa-noah\/index.php?rest_route=%2Fwp%2Fv2%2Fmedia&parent=474"}],"curies":[{"name":"wp","href":"https:\/\/api.w.org\/{rel}","templated":true}]}}