{"id":406,"date":"2013-03-08T18:39:02","date_gmt":"2013-03-08T16:39:02","guid":{"rendered":"http:\/\/www.slowlyplanet.org\/casa-noah\/?page_id=406"},"modified":"2015-04-03T00:01:17","modified_gmt":"2015-04-03T00:01:17","slug":"anfahrt-lage","status":"publish","type":"page","link":"http:\/\/www.slowlyplanet.org\/casa-noah\/?page_id=406","title":{"rendered":"anfahrt &#038; lage"},"content":{"rendered":"<div><span style=\"font-size: 14px;\"><span style=\"color: #b22222;\"><span style=\"font-family: verdana,geneva,sans-serif;\">flug<\/span><\/span><\/span><\/div>\n<div><span style=\"font-size: 14px;\"><span style=\"font-family: verdana,geneva,sans-serif;\"><span style=\"color: #000000;\">Folgende Flugh\u00e4fen befinden sich in der N\u00e4he:<\/span><\/span><\/span><\/div>\n<ul>\n<li>\n<div><span style=\"font-size: 14px;\"><span style=\"font-family: verdana,geneva,sans-serif;\"><span style=\"color: #000000;\">Sibiu\u00a0 [<\/span><a href=\"http:\/\/www.blueairweb.com\/\" target=\"_blank\"><span style=\"color: #000000;\">blueair<\/span><\/a><\/span><\/span>]<\/div>\n<\/li>\n<li>\n<div><span style=\"font-size: 14px;\"><span style=\"font-family: verdana,geneva,sans-serif;\"><span style=\"color: #000000;\">Targu Mures\u00a0 [<\/span><a href=\"https:\/\/www.wizzair.com\/de-DE\/Search\" target=\"_blank\"><span style=\"color: #000000;\">wizzair<\/span><\/a><span style=\"color: #000000;\">]<\/span><\/span><\/span><\/div>\n<\/li>\n<li>\n<div><span style=\"font-size: 14px;\"><span style=\"font-family: verdana,geneva,sans-serif;\"><span style=\"color: #000000;\">Cluj Napoca\u00a0 [<\/span><a href=\"https:\/\/www.wizzair.com\/de-DE\/Search\" target=\"_blank\"><span style=\"color: #000000;\">wizzair<\/span><\/a><span style=\"color: #000000;\">]<\/span><\/span><\/span><\/div>\n<\/li>\n<li>\n<div><span style=\"font-size: 14px;\"><span style=\"font-family: verdana,geneva,sans-serif;\"><span style=\"color: #000000;\">Bukarest \u00a0[<\/span><a href=\"http:\/\/www.blueairweb.com\/\" target=\"_blank\"><span style=\"color: #000000;\">blueair<\/span><\/a><\/span><\/span>] <span style=\"font-size: 14px;\"><span style=\"font-family: verdana,geneva,sans-serif;\"><span style=\"color: #000000;\">[<\/span><a href=\"https:\/\/www.wizzair.com\/de-DE\/Search\" target=\"_blank\"><span style=\"color: #000000;\">wizzair<\/span><\/a><span style=\"color: #000000;\">]<\/span><\/span><\/span><\/div>\n<\/li>\n<\/ul>\n<div style=\"margin-left: 36pt;\"><\/div>\n<div><span style=\"font-size: 14px;\"><span style=\"font-family: verdana,geneva,sans-serif;\"><span style=\"color: #000000;\">Vom Flughafen kommen Sie mit einem Mietauto nach Reichesdorf.<\/span><\/span><\/span><\/div>\n<div><span style=\"font-size: 14px;\"><span style=\"font-family: verdana,geneva,sans-serif;\"><span style=\"color: #000000;\">Gerne holen wir Sie am Flughafen ab (Preis bitte erfragen).<\/span><\/span><\/span><\/div>\n<div><\/div>\n<div><span style=\"color: #b22222;\"><span style=\"font-size: 14px;\"><span style=\"font-family: verdana,geneva,sans-serif;\">zug<\/span><\/span><\/span><\/div>\n<div><span style=\"font-size: 14px;\"><span style=\"font-family: verdana,geneva,sans-serif;\"><span style=\"color: #000000;\">Von Deutschland oder Wien k\u00f6nnen Sie mit dem Nachtzug nach Medias fahren.<\/span><\/span><\/span><\/div>\n<div><span style=\"font-size: 14px;\"><span style=\"font-family: verdana,geneva,sans-serif;\"><span style=\"color: #000000;\">In Medias k\u00f6nnen Sie einen Pickup-Service in Anspruch nehmen.<\/span><\/span><\/span><\/div>\n<div><\/div>\n<div><span style=\"color: #b22222;\"><span style=\"font-size: 14px;\"><span style=\"font-family: verdana,geneva,sans-serif;\">auto<\/span><\/span><\/span><\/div>\n<div><span style=\"font-size: 14px;\"><span style=\"font-family: verdana,geneva,sans-serif;\"><span style=\"color: #000000;\">Bei der Anreise mit dem eigenen Pkw k\u00f6nnen Sie folgende Routen w\u00e4hlen:<\/span><\/span><\/span><\/div>\n<div><\/div>\n<div><span style=\"color: #b22222;\"><span style=\"font-size: 14px;\"><span style=\"font-family: verdana,geneva,sans-serif;\">Route 1: <\/span><\/span><\/span><\/div>\n<div><span style=\"font-size: 14px;\"><span style=\"font-family: verdana,geneva,sans-serif;\"><span style=\"color: #000000;\">Von Medias, Richtung Mosna, dann Richtung Pelisor fahren. Im Wald links auf eine unbefestigte Stra\u00dfe (3km) fahren. Im Dorf nach der ersten Br\u00fccke links, bergab fahren. Bei der zweiten Br\u00fccke wieder links, bergab fahren. 21 km.<\/span><\/span><\/span><\/div>\n<div><span style=\"font-size: 14px;\"><span style=\"font-family: verdana,geneva,sans-serif;\"><span style=\"color: #b22222;\">Route 2:<\/span><br \/>\n<span style=\"color: #000000;\">Von Medias Richtung Saros, danach Richtung Biertan und Richis fahren. Im Ort vor der ersten Br\u00fccke rechts und danach immer geradeaus fahren. 35 km.<\/span><\/span><\/span><\/div>\n<div><\/div>\n<div><span style=\"font-size: 14px;\"><span style=\"font-family: verdana,geneva,sans-serif;\"><span style=\"color: #b22222;\">Route 3:<\/span><br \/>\n<span style=\"color: #000000;\">Von Agnita kommend \u00fcber Barghis, Richtung Medias fahren. 4 km hinter Pelisor rechts nach Richis abbiegen (unbefestigte Stra\u00dfe 3km). Nach der ersten Br\u00fccke links fahren. Bei der zweiten Br\u00fccke wieder links fahren. 31 km<\/span><\/span><\/span><\/div>\n<div><\/div>\n<div><span style=\"color: #b22222;\"><span style=\"font-size: 14px;\"><span style=\"font-family: verdana,geneva,sans-serif;\">gps koordinaten<\/span><\/span><\/span><\/div>\n<div><span style=\"color: #000000;\"><span style=\"font-size: 14px;\"><span style=\"font-family: verdana,geneva,sans-serif;\">46\u00b0 5&#8217;50.23&#8243;N, 24\u00b028&#8217;49.86&#8243;E<\/span><\/span><\/span><\/div>\n<div><\/div>\n<div>\n<p><span style=\"color: #b22222;\"><span style=\"font-size: 14px;\"><span style=\"font-family: verdana,geneva,sans-serif;\">adresse<\/span><\/span><\/span><\/p>\n<div><span style=\"font-size: 14px;\"><span style=\"font-family: verdana,geneva,sans-serif;\"><span style=\"color: #000000;\">CASA NOAH &#8211; das gelbe Haus<\/span><\/span><\/span><\/div>\n<div><span style=\"font-size: 14px;\"><span style=\"font-family: verdana,geneva,sans-serif;\"><span style=\"color: #000000;\">strada principala nr. 92<\/span><\/span><\/span><\/div>\n<div><span style=\"font-size: 14px;\"><span style=\"font-family: verdana,geneva,sans-serif;\"><span style=\"color: #000000;\">557047 RICHIS<\/span><\/span><\/span><\/div>\n<div><span style=\"font-size: 14px;\"><span style=\"font-family: verdana,geneva,sans-serif;\"><span style=\"color: #000000;\">ROMANIA<\/span><\/span><\/span><\/div>\n<div><\/div>\n<div><span style=\"font-size: 14px;\"><span style=\"font-family: verdana,geneva,sans-serif;\"><span style=\"color: #000000;\">Ansprechpartner: Catrinel &amp; Paul<br \/>\n<\/span><\/span><\/span><\/div>\n<div><\/div>\n<div><span style=\"font-size: 14px;\"><span style=\"font-family: verdana,geneva,sans-serif;\"><span style=\"color: #000000;\">Mobil Rum\u00e4nien: \u00a0\u00a0 0040.758 05 98 59<br \/>\n<\/span><\/span><\/span><\/div>\n<div><span style=\"font-size: 14px;\"><span style=\"font-family: verdana,geneva,sans-serif;\"><span style=\"color: #000000;\">Mobil Rum\u00e4nien: \u00a0\u00a0 0040.742 98 02 50<\/span><\/span><\/span><\/div>\n<div><span style=\"font-size: 14px;\"><span style=\"font-family: verdana,geneva,sans-serif;\"><span style=\"color: #000000;\">Mobil Deutschland: 0049.171 41 55 618<\/span><\/span><\/span><\/div>\n<div><\/div>\n<div><span style=\"font-size: 14px;\"><span style=\"font-family: verdana,geneva,sans-serif;\"><span style=\"color: #000000;\">E-Mail: <\/span><a href=\"mailto:casa_noah@slowlyplanet.com\"><span style=\"color: #000000;\">casa_noah@slowlyplanet.com<\/span><\/a><\/span><\/span><\/div>\n<div><span style=\"font-size: 14px;\"><span style=\"font-family: verdana,geneva,sans-serif;\"><span style=\"color: #000000;\">Internet: <\/span><a href=\"http:\/\/www.slowlyplanet.org\/casa-noah\"><span style=\"color: #000000;\">www.slowlyplanet.org\/casa-noah<\/span><\/a><\/span><\/span><\/div>\n<div><\/div>\n<p class=\"hide-if-no-js\">\n<\/div>\n","protected":false},"excerpt":{"rendered":"<p>flug Folgende Flugh\u00e4fen befinden sich in der N\u00e4he: Sibiu\u00a0 [blueair] Targu Mures\u00a0 [wizzair] Cluj Napoca\u00a0 [wizzair] Bukarest \u00a0[blueair] [wizzair] Vom Flughafen kommen Sie mit einem Mietauto nach Reichesdorf. Gerne holen &hellip; <a class=\"readmore\" href=\"http:\/\/www.slowlyplanet.org\/casa-noah\/?page_id=406\">Continue Reading &rarr;<\/a><\/p>\n","protected":false},"author":1,"featured_media":988,"parent":27,"menu_order":4,"comment_status":"closed","ping_status":"closed","template":"","meta":{"footnotes":""},"class_list":["post-406","page","type-page","status-publish","has-post-thumbnail","hentry"],"_links":{"self":[{"href":"http:\/\/www.slowlyplanet.org\/casa-noah\/index.php?rest_route=\/wp\/v2\/pages\/406","targetHints":{"allow":["GET"]}}],"collection":[{"href":"http:\/\/www.slowlyplanet.org\/casa-noah\/index.php?rest_route=\/wp\/v2\/pages"}],"about":[{"href":"http:\/\/www.slowlyplanet.org\/casa-noah\/index.php?rest_route=\/wp\/v2\/types\/page"}],"author":[{"embeddable":true,"href":"http:\/\/www.slowlyplanet.org\/casa-noah\/index.php?rest_route=\/wp\/v2\/users\/1"}],"replies":[{"embeddable":true,"href":"http:\/\/www.slowlyplanet.org\/casa-noah\/index.php?rest_route=%2Fwp%2Fv2%2Fcomments&post=406"}],"version-history":[{"count":28,"href":"http:\/\/www.slowlyplanet.org\/casa-noah\/index.php?rest_route=\/wp\/v2\/pages\/406\/revisions"}],"predecessor-version":[{"id":993,"href":"http:\/\/www.slowlyplanet.org\/casa-noah\/index.php?rest_route=\/wp\/v2\/pages\/406\/revisions\/993"}],"up":[{"embeddable":true,"href":"http:\/\/www.slowlyplanet.org\/casa-noah\/index.php?rest_route=\/wp\/v2\/pages\/27"}],"wp:featuredmedia":[{"embeddable":true,"href":"http:\/\/www.slowlyplanet.org\/casa-noah\/index.php?rest_route=\/wp\/v2\/media\/988"}],"wp:attachment":[{"href":"http:\/\/www.slowlyplanet.org\/casa-noah\/index.php?rest_route=%2Fwp%2Fv2%2Fmedia&parent=406"}],"curies":[{"name":"wp","href":"https:\/\/api.w.org\/{rel}","templated":true}]}}