{"id":35,"date":"2012-12-29T00:50:30","date_gmt":"2012-12-28T22:50:30","guid":{"rendered":"http:\/\/www.slowlyplanet.org\/casa-noah\/?page_id=35"},"modified":"2017-09-16T12:21:37","modified_gmt":"2017-09-16T12:21:37","slug":"ort-lage","status":"publish","type":"page","link":"http:\/\/www.slowlyplanet.org\/casa-noah\/?page_id=35","title":{"rendered":"buchung"},"content":{"rendered":"<ul>\n<li><span style=\"font-size: 14px;\"><span style=\"font-family: verdana,geneva,sans-serif;\"><span style=\"color: #000000;\">Preise: auf Anfrage<\/span><\/span><\/span><\/li>\n<li><span style=\"font-size: 14px;\"><span style=\"font-family: verdana,geneva,sans-serif;\"><span style=\"color: #000000;\">Kinder: bis zum 3. Lebensjahr kostenlos<\/span><\/span><\/span><\/li>\n<li><span style=\"font-size: 14px;\"><span style=\"font-family: verdana,geneva,sans-serif;\"><span style=\"color: #000000;\">Mindestaufenthalt: 1 Tag<br \/>\n<\/span><\/span><\/span><\/li>\n<\/ul>\n<p><span style=\"color: #b22222;\"><span style=\"font-size: 14px;\"><span style=\"font-family: verdana,geneva,sans-serif;\">das ist dabei<\/span><\/span><\/span><\/p>\n<ul>\n<li><span style=\"color: #000000;\"><span style=\"font-size: 14px;\"><span style=\"font-family: verdana,geneva,sans-serif;\">Handt\u00fccher<\/span><\/span><\/span><\/li>\n<li><span style=\"color: #000000;\"><span style=\"font-size: 14px;\"><span style=\"font-family: verdana,geneva,sans-serif;\">Bettw\u00e4sche<\/span><\/span><\/span><\/li>\n<li><span style=\"color: #000000;\"><span style=\"font-size: 14px;\"><span style=\"font-family: verdana,geneva,sans-serif;\">Internet Wireless (f\u00fcr mitgebrachte Smartphones oder Laptops)<\/span><\/span><\/span><\/li>\n<\/ul>\n<p><span style=\"color: #b22222;\"><span style=\"font-size: 14px;\"><span style=\"font-family: verdana,geneva,sans-serif;\">das kommt hinzu<\/span><\/span><\/span><\/p>\n<ul>\n<li><span style=\"color: #000000;\"><span style=\"font-size: 14px;\"><span style=\"font-family: verdana,geneva,sans-serif;\">Holz: nach Verbrauch (1m\u00b3=35 Euro)<\/span><\/span><\/span><\/li>\n<li><span style=\"color: #000000;\"><span style=\"font-size: 14px;\"><span style=\"font-family: verdana,geneva,sans-serif;\">Strom: inklusive<\/span><\/span><\/span><\/li>\n<li><span style=\"color: #000000;\"><span style=\"font-size: 14px;\"><span style=\"font-family: verdana,geneva,sans-serif;\">Gas: inklusive<\/span><\/span><\/span><\/li>\n<li><span style=\"color: #000000;\"><span style=\"font-size: 14px;\"><span style=\"font-family: verdana,geneva,sans-serif;\">Endreinigung: pauschal 30 Euro<\/span><\/span><\/span><\/li>\n<li><span style=\"color: #000000;\"><span style=\"font-size: 14px;\"><span style=\"font-family: verdana,geneva,sans-serif;\">Radverleih: gegen Geb\u00fchr (in Reichesdorf oder Biertan, 6 km Entfernung)<\/span><\/span><\/span><\/li>\n<\/ul>\n<p>&nbsp;<\/p>\n<p><span style=\"font-size: 14px;\"><span style=\"font-family: verdana,geneva,sans-serif;\"><span style=\"color: #b22222;\">TIPP: <\/span>\u00a0 <span style=\"color: #000000;\">Bitte <\/span><strong><a href=\"mailto:casa_noah@slowlyplanet.com\"><span style=\"color: #000000;\">melden<\/span><\/a><\/strong><span style=\"color: #000000;\"> Sie sich rechtzeitig an, da die Nachfrage sehr gro\u00df ist!<\/span><\/span><\/span><\/p>\n<p>&nbsp;<\/p>\n<p><span style=\"color: #000000;\"><span style=\"font-size: 14px;\"><span style=\"font-family: verdana,geneva,sans-serif;\">Telefon: +40.758 05 98 59 \/ Telefon: +40.742 98 02 50<\/span><\/span><\/span><\/p>\n<p><span style=\"color: #000000;\"><span style=\"font-size: 14px;\"><span style=\"font-family: verdana,geneva,sans-serif;\">E-Mail: \u00a0 <\/span><\/span><\/span><span style=\"font-size: 14px;\"><span style=\"font-family: verdana,geneva,sans-serif;\"><strong><a href=\"mailto:casa_noah@slowlyplanet.com?subject=Anfrage%20Ferienhaus%20Casa%20Noah\"><span style=\"color: #000000;\">casa_noah@slowlyplanet.com<\/span><\/a><\/strong><\/span><\/span><\/p>\n<p>&nbsp;<\/p>\n","protected":false},"excerpt":{"rendered":"<p>Preise: auf Anfrage Kinder: bis zum 3. Lebensjahr kostenlos Mindestaufenthalt: 1 Tag das ist dabei Handt\u00fccher Bettw\u00e4sche Internet Wireless (f\u00fcr mitgebrachte Smartphones oder Laptops) das kommt hinzu Holz: nach Verbrauch &hellip; <a class=\"readmore\" href=\"http:\/\/www.slowlyplanet.org\/casa-noah\/?page_id=35\">Continue Reading &rarr;<\/a><\/p>\n","protected":false},"author":1,"featured_media":0,"parent":27,"menu_order":2,"comment_status":"closed","ping_status":"closed","template":"","meta":{"footnotes":""},"class_list":["post-35","page","type-page","status-publish","hentry"],"_links":{"self":[{"href":"http:\/\/www.slowlyplanet.org\/casa-noah\/index.php?rest_route=\/wp\/v2\/pages\/35","targetHints":{"allow":["GET"]}}],"collection":[{"href":"http:\/\/www.slowlyplanet.org\/casa-noah\/index.php?rest_route=\/wp\/v2\/pages"}],"about":[{"href":"http:\/\/www.slowlyplanet.org\/casa-noah\/index.php?rest_route=\/wp\/v2\/types\/page"}],"author":[{"embeddable":true,"href":"http:\/\/www.slowlyplanet.org\/casa-noah\/index.php?rest_route=\/wp\/v2\/users\/1"}],"replies":[{"embeddable":true,"href":"http:\/\/www.slowlyplanet.org\/casa-noah\/index.php?rest_route=%2Fwp%2Fv2%2Fcomments&post=35"}],"version-history":[{"count":36,"href":"http:\/\/www.slowlyplanet.org\/casa-noah\/index.php?rest_route=\/wp\/v2\/pages\/35\/revisions"}],"predecessor-version":[{"id":1402,"href":"http:\/\/www.slowlyplanet.org\/casa-noah\/index.php?rest_route=\/wp\/v2\/pages\/35\/revisions\/1402"}],"up":[{"embeddable":true,"href":"http:\/\/www.slowlyplanet.org\/casa-noah\/index.php?rest_route=\/wp\/v2\/pages\/27"}],"wp:attachment":[{"href":"http:\/\/www.slowlyplanet.org\/casa-noah\/index.php?rest_route=%2Fwp%2Fv2%2Fmedia&parent=35"}],"curies":[{"name":"wp","href":"https:\/\/api.w.org\/{rel}","templated":true}]}}