{"id":32,"date":"2012-12-29T00:47:29","date_gmt":"2012-12-28T22:47:29","guid":{"rendered":"http:\/\/www.slowlyplanet.org\/casa-noah\/?page_id=32"},"modified":"2015-04-02T23:46:05","modified_gmt":"2015-04-02T23:46:05","slug":"die-fakten","status":"publish","type":"page","link":"http:\/\/www.slowlyplanet.org\/casa-noah\/?page_id=32","title":{"rendered":"die fakten"},"content":{"rendered":"<div><span style=\"font-size: 14px;\"><span style=\"font-family: verdana,geneva,sans-serif;\"><span style=\"color: #b22222;\">drinnen<\/span><\/span><\/span><\/div>\n<ul>\n<li><span style=\"color: #000000;\"><span style=\"font-size: 14px;\"><span style=\"font-family: verdana,geneva,sans-serif;\">2 Wohneinheiten mit getrennten Eing\u00e4ngen<\/span><\/span><\/span><\/li>\n<li><span style=\"color: #000000;\"><span style=\"font-size: 14px;\"><span style=\"font-family: verdana,geneva,sans-serif;\">11 Schlafpl\u00e4tze in 5 Zimmern<\/span><\/span><\/span><\/li>\n<li><span style=\"color: #000000;\"><span style=\"font-size: 14px;\"><span style=\"font-family: verdana,geneva,sans-serif;\">1 Kleinkindbett<\/span><\/span><\/span><\/li>\n<li><span style=\"color: #000000;\"><span style=\"font-size: 14px;\"><span style=\"font-family: verdana,geneva,sans-serif;\">2 Duschb\u00e4der<\/span><\/span><\/span><\/li>\n<li><span style=\"color: #000000;\"><span style=\"font-size: 14px;\"><span style=\"font-family: verdana,geneva,sans-serif;\">3 Toiletten<\/span><\/span><\/span><\/li>\n<\/ul>\n<p><span style=\"color: #b22222;\"><span style=\"font-size: 14px;\"><span style=\"font-family: verdana,geneva,sans-serif;\">drau\u00dfen<\/span><\/span><\/span><\/p>\n<ul>\n<li>\n<div><span style=\"color: #000000;\"><span style=\"font-size: 14px;\"><span style=\"font-family: verdana,geneva,sans-serif;\">1 gro\u00dfer Innenhof mit Rasenfl\u00e4che und Obstb\u00e4umen<\/span><\/span><\/span><\/div>\n<\/li>\n<li>\n<div><span style=\"color: #000000;\"><span style=\"font-size: 14px;\"><span style=\"font-family: verdana,geneva,sans-serif;\">2 \u00fcberdachte Terrassen<\/span><\/span><\/span><\/div>\n<\/li>\n<li>\n<div><span style=\"color: #000000;\"><span style=\"font-size: 14px;\"><span style=\"font-family: verdana,geneva,sans-serif;\">1 \u00fcberdachte Terrasse mit 6 Schaukelst\u00fchlen<\/span><\/span><\/span><\/div>\n<\/li>\n<li>\n<div><span style=\"color: #000000;\"><span style=\"font-size: 14px;\"><span style=\"font-family: verdana,geneva,sans-serif;\">1 gro\u00dfe Feuerstelle<\/span><\/span><\/span><\/div>\n<\/li>\n<li>\n<div><span style=\"color: #000000;\"><span style=\"font-size: 14px;\"><span style=\"font-family: verdana,geneva,sans-serif;\">1 gro\u00dfer Festtisch f\u00fcr 15 Personen<\/span><\/span><\/span><\/div>\n<\/li>\n<li>\n<div><span style=\"color: #000000;\"><span style=\"font-size: 14px;\"><span style=\"font-family: verdana,geneva,sans-serif;\">1 Brunnen<\/span><\/span><\/span><\/div>\n<\/li>\n<li>\n<div><span style=\"color: #000000;\"><span style=\"font-size: 14px;\"><span style=\"font-family: verdana,geneva,sans-serif;\">Kr\u00e4uter im Garten zur Selbstentnahme<\/span><\/span><\/span><\/div>\n<\/li>\n<\/ul>\n<p><span style=\"color: #b22222;\"><span style=\"font-size: 14px;\"><span style=\"font-family: verdana,geneva,sans-serif;\">drumherum<\/span><\/span><\/span><\/p>\n<ul>\n<li><span style=\"color: #000000;\"><span style=\"font-size: 14px;\"><span style=\"font-family: verdana,geneva,sans-serif;\">knisterndes Lagerfeuer<\/span><\/span><\/span><\/li>\n<li><span style=\"color: #000000;\"><span style=\"font-size: 14px;\"><span style=\"font-family: verdana,geneva,sans-serif;\">tiefschwarze N\u00e4chte<\/span><\/span><\/span><\/li>\n<li><span style=\"color: #000000;\"><span style=\"font-size: 14px;\"><span style=\"font-family: verdana,geneva,sans-serif;\">zahllose Sterne<\/span><\/span><\/span><\/li>\n<li><span style=\"color: #000000;\"><span style=\"font-size: 14px;\"><span style=\"font-family: verdana,geneva,sans-serif;\">der Geruch von Natur, Erde und frischem Heu<\/span><\/span><\/span><\/li>\n<li><span style=\"color: #000000;\"><span style=\"font-size: 14px;\"><span style=\"font-family: verdana,geneva,sans-serif;\">trappelnde Pferde am Morgen<\/span><\/span><\/span><\/li>\n<li><span style=\"color: #000000;\"><span style=\"font-size: 14px;\"><span style=\"font-family: verdana,geneva,sans-serif;\">drumherum nichts als Weite\u00a0 &#8230;<\/span><\/span><\/span><\/li>\n<\/ul>\n<p><span style=\"color: #b22222;\"><span style=\"font-size: 14px;\"><span style=\"font-family: verdana,geneva,sans-serif;\">au\u00dferdem<\/span><\/span><\/span><\/p>\n<ul>\n<li><span style=\"color: #000000;\"><span style=\"font-size: 14px;\"><span style=\"font-family: verdana,geneva,sans-serif;\">familienfreundlich<\/span><\/span><\/span><\/li>\n<li><span style=\"color: #000000;\"><span style=\"font-size: 14px;\"><span style=\"font-family: verdana,geneva,sans-serif;\">ideal f\u00fcr Selbstversorger<\/span><\/span><\/span><\/li>\n<li><span style=\"color: #000000;\"><span style=\"font-size: 14px;\"><span style=\"font-family: verdana,geneva,sans-serif;\">f\u00fcr Vegetarier geeignet<\/span><\/span><\/span><\/li>\n<li><span style=\"color: #000000;\"><span style=\"font-size: 14px;\"><span style=\"font-family: verdana,geneva,sans-serif;\">gerne k\u00f6nnen Sie sich von lokalen Bauernfamilien mit traditionellen einheimischen Bio-Gerichten bekochen lassen (gegen Aufpreis)<\/span><\/span><\/span><\/li>\n<\/ul>\n<p>&nbsp;<\/p>\n<p><span style=\"font-size: 14px;\"><span style=\"font-family: verdana,geneva,sans-serif;\"><span style=\"color: #b22222;\">TIPP: <\/span><span style=\"color: #ffffff;\">\u00a0 <\/span><span style=\"color: #000000;\">Bitte <\/span><strong><a href=\"mailto:casa_noah@slowlyplanet.com\"><span style=\"color: #000000;\">melden<\/span><\/a><\/strong><span style=\"color: #000000;\"> Sie sich rechtzeitig an, da die Nachfrage sehr gro\u00df ist!<\/span><\/span><\/span><\/p>\n<p>&nbsp;<\/p>\n<p><span style=\"color: #000000;\"><span style=\"font-size: 14px;\"><span style=\"font-family: verdana,geneva,sans-serif;\">Telefon: +40.758 05 98 59 \/ Telefon: +40 742 98 02 50<\/span><\/span><\/span><\/p>\n<p><span style=\"color: #000000;\"><span style=\"font-size: 14px;\"><span style=\"font-family: verdana,geneva,sans-serif;\">E-Mail: \u00a0 <\/span><\/span><\/span><span style=\"font-size: 14px;\"><span style=\"font-family: verdana,geneva,sans-serif;\"><strong><a href=\"mailto:casa_noah@slowlyplanet.com\"><span style=\"color: #000000;\">casa_noah@slowlyplanet.com<\/span><\/a><\/strong><\/span><\/span><\/p>\n","protected":false},"excerpt":{"rendered":"<p>drinnen 2 Wohneinheiten mit getrennten Eing\u00e4ngen 11 Schlafpl\u00e4tze in 5 Zimmern 1 Kleinkindbett 2 Duschb\u00e4der 3 Toiletten drau\u00dfen 1 gro\u00dfer Innenhof mit Rasenfl\u00e4che und Obstb\u00e4umen 2 \u00fcberdachte Terrassen 1 \u00fcberdachte &hellip; <a class=\"readmore\" href=\"http:\/\/www.slowlyplanet.org\/casa-noah\/?page_id=32\">Continue Reading &rarr;<\/a><\/p>\n","protected":false},"author":1,"featured_media":0,"parent":27,"menu_order":2,"comment_status":"closed","ping_status":"closed","template":"","meta":{"footnotes":""},"class_list":["post-32","page","type-page","status-publish","hentry"],"_links":{"self":[{"href":"http:\/\/www.slowlyplanet.org\/casa-noah\/index.php?rest_route=\/wp\/v2\/pages\/32","targetHints":{"allow":["GET"]}}],"collection":[{"href":"http:\/\/www.slowlyplanet.org\/casa-noah\/index.php?rest_route=\/wp\/v2\/pages"}],"about":[{"href":"http:\/\/www.slowlyplanet.org\/casa-noah\/index.php?rest_route=\/wp\/v2\/types\/page"}],"author":[{"embeddable":true,"href":"http:\/\/www.slowlyplanet.org\/casa-noah\/index.php?rest_route=\/wp\/v2\/users\/1"}],"replies":[{"embeddable":true,"href":"http:\/\/www.slowlyplanet.org\/casa-noah\/index.php?rest_route=%2Fwp%2Fv2%2Fcomments&post=32"}],"version-history":[{"count":45,"href":"http:\/\/www.slowlyplanet.org\/casa-noah\/index.php?rest_route=\/wp\/v2\/pages\/32\/revisions"}],"predecessor-version":[{"id":982,"href":"http:\/\/www.slowlyplanet.org\/casa-noah\/index.php?rest_route=\/wp\/v2\/pages\/32\/revisions\/982"}],"up":[{"embeddable":true,"href":"http:\/\/www.slowlyplanet.org\/casa-noah\/index.php?rest_route=\/wp\/v2\/pages\/27"}],"wp:attachment":[{"href":"http:\/\/www.slowlyplanet.org\/casa-noah\/index.php?rest_route=%2Fwp%2Fv2%2Fmedia&parent=32"}],"curies":[{"name":"wp","href":"https:\/\/api.w.org\/{rel}","templated":true}]}}